{"id":884,"date":"2021-10-26T16:16:50","date_gmt":"2021-10-26T19:16:50","guid":{"rendered":"http:\/\/localhost\/Fetems_News_Site\/?page_id=884"},"modified":"2025-12-19T16:01:50","modified_gmt":"2025-12-19T19:01:50","slug":"quadro-verde","status":"publish","type":"page","link":"https:\/\/fetems.org.br\/fetems\/quadro-verde\/","title":{"rendered":"Quadro Verde"},"content":{"rendered":"\n<div class=\"wp-block-columns is-layout-flex wp-container-core-columns-is-layout-2 wp-block-columns-is-layout-flex\">\n<div class=\"wp-block-column is-layout-flow wp-block-column-is-layout-flow\">\n<figure class=\"wp-block-image size-large\"><a href=\"https:\/\/fetems.org.br\/fetems\/wp-content\/uploads\/2025\/12\/quadro-verde_dez-de-2025-1.pdf\"><img loading=\"lazy\" decoding=\"async\" width=\"718\" height=\"1024\" src=\"https:\/\/fetems.org.br\/fetems\/wp-content\/uploads\/2025\/12\/quadro-verde_dez-de-2025-1-pdf-718x1024.jpg\" alt=\"\" class=\"wp-image-22301\"\/><\/a><figcaption class=\"wp-element-caption\"><strong>Quadro Verde<\/strong><br>Edi\u00e7\u00e3o 85<br>Dezembro de 2025<\/figcaption><\/figure>\n\n\n\n<div class=\"wp-block-columns is-layout-flex wp-container-core-columns-is-layout-1 wp-block-columns-is-layout-flex\">\n<div class=\"wp-block-column is-layout-flow wp-block-column-is-layout-flow\" style=\"flex-basis:100%\"><\/div>\n<\/div>\n<\/div>\n\n\n\n<div class=\"wp-block-column is-layout-flow wp-block-column-is-layout-flow\">\n<figure class=\"wp-block-image size-large\"><a href=\"https:\/\/fetems.org.br\/fetems\/wp-content\/uploads\/2025\/06\/Quadro-Verde-Edicao-84.pdf\"><img loading=\"lazy\" decoding=\"async\" width=\"722\" height=\"1024\" src=\"https:\/\/fetems.org.br\/fetems\/wp-content\/uploads\/2025\/06\/Quadro-Verde-Edicao-84-pdf-722x1024.jpg\" alt=\"\" class=\"wp-image-21318\"\/><\/a><figcaption class=\"wp-element-caption\"><strong>Quadro Verde<\/strong><br>Edi\u00e7\u00e3o 84<br>Junho de 2025<\/figcaption><\/figure>\n<\/div>\n\n\n\n<div class=\"wp-block-column is-layout-flow wp-block-column-is-layout-flow\">\n<figure class=\"wp-block-image size-large\"><a href=\"https:\/\/fetems.org.br\/fetems\/wp-content\/uploads\/2024\/12\/Edicao-82-Dez-24.pdf\"><img loading=\"lazy\" decoding=\"async\" width=\"722\" height=\"1024\" src=\"https:\/\/fetems.org.br\/fetems\/wp-content\/uploads\/2024\/12\/Edicao-82-Dez-24-pdf-722x1024.jpg\" alt=\"\" class=\"wp-image-20980\"\/><\/a><figcaption class=\"wp-element-caption\"><strong>Quadro Verde<\/strong><br>Edi\u00e7\u00e3o 82<br>Dezembro de 2024<\/figcaption><\/figure>\n<\/div>\n<\/div>\n\n\n\n<div class=\"wp-block-columns is-layout-flex wp-container-core-columns-is-layout-3 wp-block-columns-is-layout-flex\">\n<div class=\"wp-block-column is-layout-flow wp-block-column-is-layout-flow\"><div class=\"wp-block-image\">\n<figure class=\"aligncenter size-thumbnail is-resized\"><a href=\"https:\/\/fetems.org.br\/fetems\/wp-content\/uploads\/2024\/10\/Quadro-Verde-81-2.pdf\" target=\"_blank\" rel=\"noopener\"><img loading=\"lazy\" decoding=\"async\" width=\"106\" height=\"150\" src=\"https:\/\/fetems.org.br\/fetems\/wp-content\/uploads\/2024\/10\/Quadro-Verde-81-2-pdf-106x150.jpg\" alt=\"\" class=\"wp-image-20931\" style=\"width:150px;height:150px\"\/><\/a><figcaption class=\"wp-element-caption\">Quadro Verde 81<\/figcaption><\/figure><\/div>\n\n\n<p class=\"has-text-align-center\"><strong>Quadro Verde<br><\/strong>Edi\u00e7\u00e3o 81<br>Abril de 2024<\/p>\n<\/div>\n\n\n\n<div class=\"wp-block-column is-layout-flow wp-block-column-is-layout-flow\"><div class=\"wp-block-image\">\n<figure class=\"aligncenter size-thumbnail is-resized\"><a href=\"https:\/\/fetems.org.br\/fetems\/wp-content\/uploads\/2021\/10\/quadroverde1.pdf\" target=\"_blank\" rel=\"noopener\"><img loading=\"lazy\" decoding=\"async\" width=\"150\" height=\"150\" src=\"https:\/\/fetems.org.br\/fetems\/wp-content\/uploads\/2021\/10\/quadroverde1-150x150.jpg\" alt=\"\" class=\"wp-image-915\" style=\"width:150px;height:150px\"\/><\/a><\/figure><\/div>\n\n\n<div class=\"wp-block-file aligncenter\"><a id=\"wp-block-file--media-c8ac492c-cb2b-492d-a5e2-fa77e0357e87\" href=\"https:\/\/fetems.org.br\/fetems\/wp-content\/uploads\/2021\/10\/quadroverde1.pdf\" target=\"_blank\" rel=\"noreferrer noopener\"><a rel=\"noreferrer noopener\" href=\"https:\/\/fetems.org.br\/fetems2023\/admin\/uploads\/arquivos\/31\/5fbd4c9fe4f2etudo.pdf\" target=\"_blank\">Quadro Verde n. 74<\/a><\/a><\/div>\n<\/div>\n\n\n\n<div class=\"wp-block-column is-layout-flow wp-block-column-is-layout-flow\"><div class=\"wp-block-image\">\n<figure class=\"aligncenter size-thumbnail\"><a href=\"https:\/\/fetems.org.br\/fetems\/wp-content\/uploads\/2021\/10\/quadroverde2.pdf\" target=\"_blank\" rel=\"noopener\"><img loading=\"lazy\" decoding=\"async\" width=\"150\" height=\"150\" src=\"https:\/\/fetems.org.br\/fetems\/wp-content\/uploads\/2021\/10\/quadroverde2-150x150.png\" alt=\"\" class=\"wp-image-916\"\/><\/a><\/figure><\/div>\n\n\n<div class=\"wp-block-file aligncenter\"><a id=\"wp-block-file--media-5c5af38f-1a19-4294-b6c4-22b0c47aa31e\" href=\"https:\/\/fetems.org.br\/fetems\/wp-content\/uploads\/2021\/10\/quadroverde2.pdf\" target=\"_blank\" rel=\"noreferrer noopener\"><a rel=\"noreferrer noopener\" href=\"https:\/\/fetems.org.br\/fetems2023\/admin\/uploads\/arquivos\/31\/598daeb16933fquadro-verde-web.pdf\" target=\"_blank\">FETEMS renegocia Lei do Piso sem alterar data de integraliza\u00e7\u00e3o at\u00e9 2020<\/a><\/a><\/div>\n<\/div>\n<\/div>\n\n\n\n<div class=\"wp-block-columns is-layout-flex wp-container-core-columns-is-layout-4 wp-block-columns-is-layout-flex\">\n<div class=\"wp-block-column is-layout-flow wp-block-column-is-layout-flow\"><div class=\"wp-block-image\">\n<figure class=\"aligncenter size-thumbnail\"><a href=\"https:\/\/fetems.org.br\/fetems\/wp-content\/uploads\/2021\/10\/quadroverde3.pdf\" target=\"_blank\" rel=\"noopener\"><img loading=\"lazy\" decoding=\"async\" width=\"150\" height=\"150\" src=\"https:\/\/fetems.org.br\/fetems\/wp-content\/uploads\/2021\/10\/quadroverde3-150x150.jpg\" alt=\"\" class=\"wp-image-917\"\/><\/a><\/figure><\/div>\n\n\n<div class=\"wp-block-file aligncenter\"><a id=\"wp-block-file--media-e562a2f3-1dc2-40de-9d77-a12ef25983c9\" href=\"https:\/\/fetems.org.br\/fetems\/wp-content\/uploads\/2021\/10\/quadroverde3.pdf\" target=\"_blank\" rel=\"noreferrer noopener\"><a rel=\"noreferrer noopener\" href=\"https:\/\/fetems.org.br\/fetems2023\/admin\/uploads\/arquivos\/31\/56d87eae5fb8fquadro-verde-61-.pdf\" target=\"_blank\">FETEMS 37 ANOS &#8211; Conquista do Piso<\/a><\/a><\/div>\n<\/div>\n\n\n\n<div class=\"wp-block-column is-layout-flow wp-block-column-is-layout-flow\"><div class=\"wp-block-image\">\n<figure class=\"aligncenter size-thumbnail\"><a href=\"https:\/\/fetems.org.br\/fetems\/wp-content\/uploads\/2021\/10\/quadroverde4.pdf\" target=\"_blank\" rel=\"noopener\"><img loading=\"lazy\" decoding=\"async\" width=\"150\" height=\"150\" src=\"https:\/\/fetems.org.br\/fetems\/wp-content\/uploads\/2021\/10\/quadroverde4-150x150.png\" alt=\"\" class=\"wp-image-918\"\/><\/a><\/figure><\/div>\n\n\n<div class=\"wp-block-file aligncenter\"><a id=\"wp-block-file--media-d72534df-8069-4b4a-a9c6-babf05876b4c\" href=\"https:\/\/fetems.org.br\/fetems\/wp-content\/uploads\/2021\/10\/quadroverde4.pdf\" target=\"_blank\" rel=\"noreferrer noopener\"><a rel=\"noreferrer noopener\" href=\"https:\/\/fetems.org.br\/fetems2023\/admin\/uploads\/arquivos\/31\/56d48acc90d9emara-o-de-2012.pdf\" target=\"_blank\">Mar\u00e7o 2012<\/a><\/a><\/div>\n<\/div>\n\n\n\n<div class=\"wp-block-column is-layout-flow wp-block-column-is-layout-flow\"><div class=\"wp-block-image\">\n<figure class=\"aligncenter size-thumbnail\"><a href=\"https:\/\/fetems.org.br\/fetems\/wp-content\/uploads\/2022\/04\/56d489e563d1bjunho-2013.pdf\"><img loading=\"lazy\" decoding=\"async\" width=\"150\" height=\"150\" src=\"https:\/\/fetems.org.br\/fetems\/wp-content\/uploads\/2022\/04\/1456769508junho2013-150x150.png\" alt=\"\" class=\"wp-image-3467\"\/><\/a><\/figure><\/div>\n\n\n<div class=\"wp-block-file aligncenter\"><a id=\"wp-block-file--media-36efcb4b-3c9f-4a59-abdb-89c2af8e57e9\" href=\"https:\/\/fetems.org.br\/fetems\/wp-content\/uploads\/2022\/04\/56d489e563d1bjunho-2013.pdf\" target=\"_blank\" rel=\"noreferrer noopener\"><a rel=\"noreferrer noopener\" href=\"https:\/\/fetems.org.br\/fetems2023\/admin\/uploads\/arquivos\/31\/56d489e563d1bjunho-2013.pdf\" target=\"_blank\">Junho 2013<\/a><\/a><\/div>\n<\/div>\n<\/div>\n\n\n\n<div class=\"wp-block-columns is-layout-flex wp-container-core-columns-is-layout-5 wp-block-columns-is-layout-flex\">\n<div class=\"wp-block-column is-layout-flow wp-block-column-is-layout-flow\"><div class=\"wp-block-image\">\n<figure class=\"aligncenter size-thumbnail\"><a href=\"https:\/\/fetems.org.br\/fetems\/wp-content\/uploads\/2022\/04\/56d45256476e7fevereiro-de-2014.pdf\"><img loading=\"lazy\" decoding=\"async\" width=\"150\" height=\"150\" src=\"https:\/\/fetems.org.br\/fetems\/wp-content\/uploads\/2022\/04\/1456755285capa-150x150.png\" alt=\"\" class=\"wp-image-3469\"\/><\/a><\/figure><\/div>\n\n\n<div class=\"wp-block-file aligncenter\"><a id=\"wp-block-file--media-289c3818-0fc5-42dc-aa4d-522eb90359e8\" href=\"https:\/\/fetems.org.br\/fetems\/wp-content\/uploads\/2022\/04\/56d45256476e7fevereiro-de-2014.pdf\" target=\"_blank\" rel=\"noreferrer noopener\"><a rel=\"noreferrer noopener\" href=\"https:\/\/fetems.org.br\/fetems2023\/admin\/uploads\/arquivos\/31\/56d45256476e7fevereiro-de-2014.pdf\" target=\"_blank\">Fevereiro 2014<\/a><\/a><\/div>\n<\/div>\n\n\n\n<div class=\"wp-block-column is-layout-flow wp-block-column-is-layout-flow\"><div class=\"wp-block-image\">\n<figure class=\"aligncenter size-thumbnail\"><a href=\"https:\/\/fetems.org.br\/fetems\/wp-content\/uploads\/2022\/04\/56d0b88b78c6djulho-de-2015.pdf\"><img loading=\"lazy\" decoding=\"async\" width=\"150\" height=\"150\" src=\"https:\/\/fetems.org.br\/fetems\/wp-content\/uploads\/2022\/04\/1456519306julho2015-150x150.png\" alt=\"\" class=\"wp-image-3471\"\/><\/a><\/figure><\/div>\n\n\n<div class=\"wp-block-file aligncenter\"><a id=\"wp-block-file--media-4063063f-7603-4e5b-b548-6d557c4f5c00\" href=\"https:\/\/fetems.org.br\/fetems\/wp-content\/uploads\/2022\/04\/56d0b88b78c6djulho-de-2015.pdf\" target=\"_blank\" rel=\"noreferrer noopener\"><a rel=\"noreferrer noopener\" href=\"https:\/\/fetems.org.br\/fetems2023\/admin\/uploads\/arquivos\/31\/56d0b88b78c6djulho-de-2015.pdf\" target=\"_blank\">Julho de 2015<\/a><\/a><\/div>\n<\/div>\n\n\n\n<div class=\"wp-block-column is-layout-flow wp-block-column-is-layout-flow\"><div class=\"wp-block-image\">\n<figure class=\"aligncenter size-thumbnail\"><a href=\"https:\/\/fetems.org.br\/fetems\/wp-content\/uploads\/2022\/04\/56d0ac21db725janeiro-de-2012.pdf\"><img loading=\"lazy\" decoding=\"async\" width=\"150\" height=\"150\" src=\"https:\/\/fetems.org.br\/fetems\/wp-content\/uploads\/2022\/04\/1456516128janeiro2012-150x150.png\" alt=\"\" class=\"wp-image-3473\"\/><\/a><\/figure><\/div>\n\n\n<div class=\"wp-block-file aligncenter\"><a id=\"wp-block-file--media-d347141b-284c-4976-8507-e38f2c0116c2\" href=\"https:\/\/fetems.org.br\/fetems\/wp-content\/uploads\/2022\/04\/56d0ac21db725janeiro-de-2012.pdf\" target=\"_blank\" rel=\"noreferrer noopener\"><a rel=\"noreferrer noopener\" href=\"https:\/\/fetems.org.br\/fetems2023\/admin\/uploads\/arquivos\/31\/56d0ac21db725janeiro-de-2012.pdf\" target=\"_blank\">Janeiro de 2012<\/a><\/a><\/div>\n<\/div>\n<\/div>\n\n\n\n<div class=\"wp-block-columns is-layout-flex wp-container-core-columns-is-layout-6 wp-block-columns-is-layout-flex\">\n<div class=\"wp-block-column is-layout-flow wp-block-column-is-layout-flow\"><div class=\"wp-block-image\">\n<figure class=\"aligncenter size-thumbnail\"><a href=\"https:\/\/fetems.org.br\/fetems\/wp-content\/uploads\/2022\/04\/56d05f497b3dbplano-nacional-de-educaa-a-o-2015.pdf\"><img loading=\"lazy\" decoding=\"async\" width=\"150\" height=\"150\" src=\"https:\/\/fetems.org.br\/fetems\/wp-content\/uploads\/2022\/04\/1456496456sem-ta-tulo-150x150.png\" alt=\"\" class=\"wp-image-3475\"\/><\/a><\/figure><\/div>\n\n\n<div class=\"wp-block-file aligncenter\"><a id=\"wp-block-file--media-658b4492-cf1f-4f20-9e5e-736a0bce1e9c\" href=\"https:\/\/fetems.org.br\/fetems\/wp-content\/uploads\/2022\/04\/56d05f497b3dbplano-nacional-de-educaa-a-o-2015.pdf\" target=\"_blank\" rel=\"noreferrer noopener\"><a rel=\"noreferrer noopener\" href=\"https:\/\/fetems.org.br\/fetems2023\/admin\/uploads\/arquivos\/31\/56d05f497b3dbplano-nacional-de-educaa-a-o-2015.pdf\" target=\"_blank\">Plano Nacional de Educa\u00e7\u00e3o<\/a><\/a><\/div>\n<\/div>\n\n\n\n<div class=\"wp-block-column is-layout-flow wp-block-column-is-layout-flow\"><\/div>\n\n\n\n<div class=\"wp-block-column is-layout-flow wp-block-column-is-layout-flow\"><\/div>\n<\/div>\n\n\n\n<p><\/p>\n","protected":false},"excerpt":{"rendered":"<p>Quadro VerdeEdi\u00e7\u00e3o 81Abril de 2024 Mar\u00e7o 2012 Junho 2013 Fevereiro 2014 Julho de 2015 Janeiro de 2012 Plano Nacional de Educa\u00e7\u00e3o<\/p>\n","protected":false},"author":1,"featured_media":0,"parent":0,"menu_order":0,"comment_status":"closed","ping_status":"closed","template":"","meta":{"footnotes":""},"_links":{"self":[{"href":"https:\/\/fetems.org.br\/fetems\/wp-json\/wp\/v2\/pages\/884"}],"collection":[{"href":"https:\/\/fetems.org.br\/fetems\/wp-json\/wp\/v2\/pages"}],"about":[{"href":"https:\/\/fetems.org.br\/fetems\/wp-json\/wp\/v2\/types\/page"}],"author":[{"embeddable":true,"href":"https:\/\/fetems.org.br\/fetems\/wp-json\/wp\/v2\/users\/1"}],"replies":[{"embeddable":true,"href":"https:\/\/fetems.org.br\/fetems\/wp-json\/wp\/v2\/comments?post=884"}],"version-history":[{"count":35,"href":"https:\/\/fetems.org.br\/fetems\/wp-json\/wp\/v2\/pages\/884\/revisions"}],"predecessor-version":[{"id":22302,"href":"https:\/\/fetems.org.br\/fetems\/wp-json\/wp\/v2\/pages\/884\/revisions\/22302"}],"wp:attachment":[{"href":"https:\/\/fetems.org.br\/fetems\/wp-json\/wp\/v2\/media?parent=884"}],"curies":[{"name":"wp","href":"https:\/\/api.w.org\/{rel}","templated":true}]}}