{"id":947,"date":"2021-10-27T16:48:08","date_gmt":"2021-10-27T19:48:08","guid":{"rendered":"http:\/\/localhost\/Fetems_News_Site\/?page_id=947"},"modified":"2025-12-01T19:24:29","modified_gmt":"2025-12-01T22:24:29","slug":"diretoria","status":"publish","type":"page","link":"https:\/\/fetems.org.br\/fetems\/diretoria\/","title":{"rendered":"Diretoria"},"content":{"rendered":"\n<p class=\"has-text-align-center\"><strong>Composi\u00e7\u00e3o da Nova Diretoria da FETEMS (2025-2029)<\/strong><\/p>\n\n\n\n<p><strong>Presidente:<\/strong> Deumeires Batista de Souza Rodrigues de Morais<\/p>\n\n\n\n<p><strong>Vice-Presidente:<\/strong> Onivan de Lima Correa<\/p>\n\n\n\n<p><strong>Secretaria Geral:<\/strong> Paulo Cesar Lima<\/p>\n\n\n\n<p><strong>Secretaria Adjunta:<\/strong> Mara Nubia dos Santos<\/p>\n\n\n\n<p><strong>Secretaria de Finan\u00e7as:<\/strong> Jaime Teixeira<\/p>\n\n\n\n<p><strong>Secretaria Adjunta de Finan\u00e7as:<\/strong> Jos\u00e9 Remijo Perecin<\/p>\n\n\n\n<p><strong>Secretaria para Assuntos Jur\u00eddicos:<\/strong> Fernando Fernandes Rodrigues<\/p>\n\n\n\n<p><strong>Secretaria de Forma\u00e7\u00e3o Sindical:<\/strong> Gilvano Kunzler Bronzoni<\/p>\n\n\n\n<p><strong>Secretaria de Pol\u00edticas Educacionais:<\/strong> Sueli Veiga Melo<\/p>\n\n\n\n<p><strong>Secretaria dos Funcion\u00e1rios Administrativos:<\/strong> Idalina da Silva<\/p>\n\n\n\n<p><strong>Secretaria de Comunica\u00e7\u00e3o:<\/strong> Ana Maria de Oliveira<\/p>\n\n\n\n<p><strong>Secretaria de Administra\u00e7\u00e3o e Patrim\u00f4nio:<\/strong> Francisco Tavares da C\u00e2mara<\/p>\n\n\n\n<p><strong>Secretaria de Pol\u00edtica Municipal:<\/strong> Maria do Carmo Souza Drumond<\/p>\n\n\n\n<p><strong>Secretaria de Pol\u00edticas Sociais:<\/strong> Iara Gutierrez Cuellar<\/p>\n\n\n\n<p><strong>Secretaria dos Aposentados:<\/strong> Edson Granato<\/p>\n\n\n\n<p><strong>Secretaria dos Especialistas em Educa\u00e7\u00e3o e Coordenadores Pedag\u00f3gicos:<\/strong> Ludemar Solis Nazareth Azambuja<\/p>\n\n\n\n<p><strong>Secretaria de Rela\u00e7\u00f5es de G\u00eanero:<\/strong> Maria Aparecida Diogo<\/p>\n\n\n\n<p><strong>Secretaria de Combate ao Racismo:<\/strong> Thiago Coelho Silva<\/p>\n\n\n\n<p><strong>Secretaria da Sa\u00fade dos Trabalhadores em Educa\u00e7\u00e3o:<\/strong> Edivaldo Vieira<\/p>\n\n\n\n<p><strong>Departamento dos Trabalhadores na Educa\u00e7\u00e3o no Campo:<\/strong> Olinda Concei\u00e7\u00e3o da Silva<\/p>\n\n\n\n<p><strong>Departamento de Educa\u00e7\u00e3o Infantil:<\/strong> Isabel de Lourdes Lopes Souza Borges<\/p>\n\n\n\n<p><strong>Suplentes da Chapa:<\/strong> Ademir Cerri, Thereza Cristina Ferreira Pedro, Luzenir Severo dos Santos, Sebasti\u00e3o Serafim Garcia, Rosileide Lima da Silva, Rosemary Borin Cavalheiro, Edson Zopi de Moraes.<\/p>\n\n\n\n<p><strong>Vice-Presidentes Regionais e Suplentes:<\/strong><\/p>\n\n\n\n<p><strong>Aquidauana:<\/strong> Maria Joaquina da Silva (Vice) e Jeferson de P\u00e1dua Melo (Suplente)<\/p>\n\n\n\n<p><strong>Campo Grande:<\/strong> Rosana Aparecida de Carvalho (Vice) e Ademar Pl\u00e1cido do Rosa (Suplente)<\/p>\n\n\n\n<p><strong>Coxim:<\/strong> Daniela Curti (Vice) e Marly Souza de Oliveira (Suplente)<\/p>\n\n\n\n<p><strong>Corumb\u00e1:<\/strong> Marinalva Aranda da Silva (Vice) e Magda Xavier Chalega (Suplente)<\/p>\n\n\n\n<p><strong>Dourados:<\/strong> Ataulfo Alves Stein Neto (Vice) e Ivonei Batista da Silva (Suplente)<\/p>\n\n\n\n<p><strong>Nova Andradina:<\/strong> Aguinaldo Costa Nunes (Vice) e Aparecido Figueiredo (Suplente)<\/p>\n\n\n\n<p><strong>Navira\u00ed:<\/strong> Margareti Macena de Lima (Vice) e Maria do Carmo Pato Cunha Barbosa (Suplente)<\/p>\n\n\n\n<p><strong>Tr\u00eas Lagoas:<\/strong> Izabela de Lourdes Silva Dantas Fernandes (Vice) e Valdenia Aparecida de Almeida (Suplente)<\/p>\n\n\n\n<p><strong>Ponta Por\u00e3:<\/strong> Odair Nogueira Rodrigues (Vice) e Nelson da Silva Marques (Suplente)<\/p>\n\n\n\n<p><strong>Amambai:<\/strong> Erli Fernandes da Silva (Vice) e Humberto Vilhalva (Suplente)<\/p>\n\n\n\n<p><strong>Tacuru:<\/strong> Elizeu Gomes da Silva (Vice) e Luiz Fernando Gozzi (Suplente)<\/p>\n\n\n\n<p><strong>Parana\u00edba:<\/strong> Tania Mara de Morais Silva (Vice) e Pedro Angelo Quim (Suplente)<\/p>\n\n\n\n<p><strong>Jardim:<\/strong> Odete Mendoza (Vice) e Dionat\u00e3 Bernal do Prado (Suplente)<\/p>\n\n\n\n<p><strong>F\u00e1tima do Sul:<\/strong> Maria do Carmo dos Santos (Vice) e Erasmo Braga da Silva (Suplente)<\/p>\n","protected":false},"excerpt":{"rendered":"<p>Composi\u00e7\u00e3o da Nova Diretoria da FETEMS (2025-2029) Presidente: Deumeires Batista de Souza Rodrigues de Morais Vice-Presidente: Onivan de Lima Correa Secretaria Geral: Paulo Cesar Lima&#8230;<\/p>\n","protected":false},"author":1,"featured_media":0,"parent":0,"menu_order":0,"comment_status":"closed","ping_status":"closed","template":"","meta":{"footnotes":""},"_links":{"self":[{"href":"https:\/\/fetems.org.br\/fetems\/wp-json\/wp\/v2\/pages\/947"}],"collection":[{"href":"https:\/\/fetems.org.br\/fetems\/wp-json\/wp\/v2\/pages"}],"about":[{"href":"https:\/\/fetems.org.br\/fetems\/wp-json\/wp\/v2\/types\/page"}],"author":[{"embeddable":true,"href":"https:\/\/fetems.org.br\/fetems\/wp-json\/wp\/v2\/users\/1"}],"replies":[{"embeddable":true,"href":"https:\/\/fetems.org.br\/fetems\/wp-json\/wp\/v2\/comments?post=947"}],"version-history":[{"count":73,"href":"https:\/\/fetems.org.br\/fetems\/wp-json\/wp\/v2\/pages\/947\/revisions"}],"predecessor-version":[{"id":22222,"href":"https:\/\/fetems.org.br\/fetems\/wp-json\/wp\/v2\/pages\/947\/revisions\/22222"}],"wp:attachment":[{"href":"https:\/\/fetems.org.br\/fetems\/wp-json\/wp\/v2\/media?parent=947"}],"curies":[{"name":"wp","href":"https:\/\/api.w.org\/{rel}","templated":true}]}}