{"id":949,"date":"2021-10-27T16:48:08","date_gmt":"2021-10-27T19:48:08","guid":{"rendered":"http:\/\/localhost\/Fetems_News_Site\/?page_id=949"},"modified":"2024-08-27T11:31:25","modified_gmt":"2024-08-27T14:31:25","slug":"estatuto","status":"publish","type":"page","link":"https:\/\/fetems.org.br\/fetems\/estatuto\/","title":{"rendered":"Estatuto"},"content":{"rendered":"\n<p><strong>ESTATUTO DA FETEMS &#8211; FEDERA\u00c7\u00c3O DOS TRABALHADORES EM EDUCA\u00c7\u00c3O DE MATO GROSSO DO SUL<\/strong><\/p>\n\n\n\n<div data-wp-interactive=\"core\/file\" class=\"wp-block-file\"><object data-wp-bind--hidden=\"!state.hasPdfPreview\"  class=\"wp-block-file__embed\" data=\"https:\/\/fetems.org.br\/fetems\/wp-content\/uploads\/2024\/08\/Estatuto-FETEMS-2022-registrado-1.pdf\" type=\"application\/pdf\" style=\"width:100%;height:600px\" aria-label=\"Incorporado de Estatuto FETEMS 2022 registrado.\"><\/object><a id=\"wp-block-file--media-bacd583c-84d7-43d2-831d-56a9c33d835f\" href=\"https:\/\/fetems.org.br\/fetems\/wp-content\/uploads\/2024\/08\/Estatuto-FETEMS-2022-registrado-1.pdf\">Estatuto FETEMS 2022 registrado<\/a><a href=\"https:\/\/fetems.org.br\/fetems\/wp-content\/uploads\/2024\/08\/Estatuto-FETEMS-2022-registrado-1.pdf\" class=\"wp-block-file__button wp-element-button\" download aria-describedby=\"wp-block-file--media-bacd583c-84d7-43d2-831d-56a9c33d835f\">Baixar<\/a><\/div>\n","protected":false},"excerpt":{"rendered":"<p>ESTATUTO DA FETEMS &#8211; FEDERA\u00c7\u00c3O DOS TRABALHADORES EM EDUCA\u00c7\u00c3O DE MATO GROSSO DO SUL<\/p>\n","protected":false},"author":1,"featured_media":0,"parent":0,"menu_order":0,"comment_status":"closed","ping_status":"closed","template":"","meta":{"footnotes":""},"_links":{"self":[{"href":"https:\/\/fetems.org.br\/fetems\/wp-json\/wp\/v2\/pages\/949"}],"collection":[{"href":"https:\/\/fetems.org.br\/fetems\/wp-json\/wp\/v2\/pages"}],"about":[{"href":"https:\/\/fetems.org.br\/fetems\/wp-json\/wp\/v2\/types\/page"}],"author":[{"embeddable":true,"href":"https:\/\/fetems.org.br\/fetems\/wp-json\/wp\/v2\/users\/1"}],"replies":[{"embeddable":true,"href":"https:\/\/fetems.org.br\/fetems\/wp-json\/wp\/v2\/comments?post=949"}],"version-history":[{"count":9,"href":"https:\/\/fetems.org.br\/fetems\/wp-json\/wp\/v2\/pages\/949\/revisions"}],"predecessor-version":[{"id":20874,"href":"https:\/\/fetems.org.br\/fetems\/wp-json\/wp\/v2\/pages\/949\/revisions\/20874"}],"wp:attachment":[{"href":"https:\/\/fetems.org.br\/fetems\/wp-json\/wp\/v2\/media?parent=949"}],"curies":[{"name":"wp","href":"https:\/\/api.w.org\/{rel}","templated":true}]}}